{"id":1330,"date":"2022-07-06T23:39:21","date_gmt":"2022-07-06T21:39:21","guid":{"rendered":"http:\/\/www.dws-architekten.de\/?page_id=1330"},"modified":"2022-07-07T16:09:06","modified_gmt":"2022-07-07T14:09:06","slug":"karriere","status":"publish","type":"page","link":"https:\/\/www.dws-architekten.de\/?page_id=1330","title":{"rendered":"Karriere"},"content":{"rendered":"<div class=\"wpb-content-wrapper\">[vc_row el_class=&#8220;textblox&#8220;][vc_column][vc_column_text]\n<h1 class=\"headkarriere\">Wir suchen Architekt\/in (m\/w\/d)<\/h1>\n<p><strong>Werden Sie Teil unseres Teams<\/strong><\/p>\n<p>Arbeiten Sie gemeinsam mit uns an abwechslungsreichen Projekten und bringen Sie Ihre Neugierde, Kreativit\u00e4t und strukturierte Arbeitsweise in unser Team ein. Wir teilen unser Wissen miteinander und begr\u00fc\u00dfen individuelle Weiterbildung. Wir leben ein vertrauensvolles Miteinander und finden gemeinsame L\u00f6sungen f\u00fcr die Vereinbarkeit von Beruf und Familie.<br \/>\nWir suchen Architekt\/in (m\/w\/d) f\u00fcr die Leistungsphasen 1-5 sowie Leistungsphasen 6-8.<br \/>\nCAD-Kenntnisse Allplan und\/oder Ausschreibungssoftware CIP-AVANTI pro w\u00fcnschenswert.<\/p>\n<p>Wir bieten interessante Projekte in den Bereichen Verwaltungs-, Wohnungs-, Dienstleistungs-, Gewerbe- Bildungs-, Gesundheits- und Sonderbau, ein fachkundiges und angenehmes Team und gute Arbeitsatmosph\u00e4re, die Einf\u00fchrung in die Arbeitsbereiche s\u00e4mtlicher Leistungsphasen, sowie die M\u00f6glichkeit der eigenst\u00e4ndigen Projektbearbeitung und eine \u00fcberdurchschnittliche Verg\u00fctung.<\/p>\n<p>Bitten senden Sie Ihre aussagekr\u00e4ftigen Bewerbungsunterlagen an: <a href=\"&#x6d;&#97;i&#x6c;&#116;o&#x3a;&#119;e&#x72;&#x64;&#101;&#x6e;&#x40;&#100;w&#x73;&#45;a&#x72;&#99;h&#x69;&#x74;&#101;&#x6b;&#x74;&#101;n&#x2e;&#100;e\">&#x77;&#101;&#x72;&#x64;&#101;&#x6e;&#64;d&#x77;&#115;-&#x61;&#114;c&#x68;&#105;t&#x65;&#107;&#x74;&#x65;&#110;&#x2e;&#x64;&#101;<\/a><\/p>\n[\/vc_column_text][\/vc_column][\/vc_row]\n<\/div>","protected":false},"excerpt":{"rendered":"<p>[vc_row el_class=&#8220;textblox&#8220;][vc_column][vc_column_text] Wir suchen Architekt\/in (m\/w\/d) Werden Sie Teil unseres Teams Arbeiten Sie gemeinsam mit uns an abwechslungsreichen Projekten und bringen Sie Ihre Neugierde, Kreativit\u00e4t und strukturierte Arbeitsweise in unser Team ein. Wir teilen unser Wissen miteinander und begr\u00fc\u00dfen individuelle Weiterbildung. Wir leben ein vertrauensvolles Miteinander und finden gemeinsame L\u00f6sungen f\u00fcr die Vereinbarkeit von Beruf&hellip;<\/p>\n","protected":false},"author":1,"featured_media":0,"parent":0,"menu_order":0,"comment_status":"closed","ping_status":"closed","template":"templates\/no-sidebar.php","meta":{"footnotes":""},"class_list":["post-1330","page","type-page","status-publish","hentry","entry","no-media"],"_links":{"self":[{"href":"https:\/\/www.dws-architekten.de\/index.php?rest_route=\/wp\/v2\/pages\/1330","targetHints":{"allow":["GET"]}}],"collection":[{"href":"https:\/\/www.dws-architekten.de\/index.php?rest_route=\/wp\/v2\/pages"}],"about":[{"href":"https:\/\/www.dws-architekten.de\/index.php?rest_route=\/wp\/v2\/types\/page"}],"author":[{"embeddable":true,"href":"https:\/\/www.dws-architekten.de\/index.php?rest_route=\/wp\/v2\/users\/1"}],"replies":[{"embeddable":true,"href":"https:\/\/www.dws-architekten.de\/index.php?rest_route=%2Fwp%2Fv2%2Fcomments&post=1330"}],"version-history":[{"count":13,"href":"https:\/\/www.dws-architekten.de\/index.php?rest_route=\/wp\/v2\/pages\/1330\/revisions"}],"predecessor-version":[{"id":1358,"href":"https:\/\/www.dws-architekten.de\/index.php?rest_route=\/wp\/v2\/pages\/1330\/revisions\/1358"}],"wp:attachment":[{"href":"https:\/\/www.dws-architekten.de\/index.php?rest_route=%2Fwp%2Fv2%2Fmedia&parent=1330"}],"curies":[{"name":"wp","href":"https:\/\/api.w.org\/{rel}","templated":true}]}}